{"id":393,"date":"2025-11-17T19:57:01","date_gmt":"2025-11-17T18:57:01","guid":{"rendered":"https:\/\/vskirchberg-wagram.ac.at\/wordpress\/?page_id=393"},"modified":"2026-01-26T18:00:28","modified_gmt":"2026-01-26T17:00:28","slug":"nachmittagsbetreuung","status":"publish","type":"page","link":"https:\/\/vskirchberg-wagram.ac.at\/index.php\/nachmittagsbetreuung\/","title":{"rendered":"Nachmittagsbetreuung"},"content":{"rendered":"\n<p>Unsere Schule wird als Ganztagsschule gef\u00fchrt.&nbsp;<\/p>\n\n\n\n<p>In Zusammenarbeit mit dem Verein Lerntiger\u00a0k\u00f6nnen die Sch\u00fclerInnen t\u00e4glich bis 17 Uhr betreut werden.\u00a0<br>Es besteht auch\u00a0die M\u00f6glichkeit, die Betreuung tageweise in Anspruch zu nehmen.<\/p>\n\n\n\n<p><br>Von 13:15 Uhr bis 14.55 Uhr findet von Montag bis Donnerstag die Lernzeit f\u00fcr die Kinder statt, die von LehrerInnen der Schule geleitet wird. In der Freizeit werden verschiedene Aktivit\u00e4ten angeboten (z.B. Basteln, Bewegen, Rollenspiele, freies Spiel, Gesellschaftsspiele,etc.).\u00a0<br>Am Freitag ist die Lernstunde von 12:30 &#8211; 13:30 Uhr.<br><br><br>Das Mittagessen wird von der Firma Tafelspitz Huber aus Paudorf jeden Tag frisch gekocht und geliefert. Bestellt wird \u00fcber die App &#8222;Book2eat&#8220;. <br><br>\u00a0\u00a0\u00a0\u00a0\u00a0\u00a0\u00a0\u00a0\u00a0\u00a0\u00a0\u00a0\u00a0\u00a0<br>Telefonnummer der\u00a0Nachmittagsbetreung: 0650\/8727330\u00a0<\/p>\n","protected":false},"excerpt":{"rendered":"<p>Unsere Schule wird als Ganztagsschule gef\u00fchrt.&nbsp; In Zusammenarbeit mit dem Verein Lerntiger\u00a0k\u00f6nnen die Sch\u00fclerInnen t\u00e4glich bis 17 Uhr betreut werden.\u00a0Es &hellip; <\/p>\n","protected":false},"author":1,"featured_media":0,"parent":0,"menu_order":0,"comment_status":"closed","ping_status":"closed","template":"","meta":{"footnotes":""},"class_list":["post-393","page","type-page","status-publish","hentry"],"_links":{"self":[{"href":"https:\/\/vskirchberg-wagram.ac.at\/index.php\/wp-json\/wp\/v2\/pages\/393","targetHints":{"allow":["GET"]}}],"collection":[{"href":"https:\/\/vskirchberg-wagram.ac.at\/index.php\/wp-json\/wp\/v2\/pages"}],"about":[{"href":"https:\/\/vskirchberg-wagram.ac.at\/index.php\/wp-json\/wp\/v2\/types\/page"}],"author":[{"embeddable":true,"href":"https:\/\/vskirchberg-wagram.ac.at\/index.php\/wp-json\/wp\/v2\/users\/1"}],"replies":[{"embeddable":true,"href":"https:\/\/vskirchberg-wagram.ac.at\/index.php\/wp-json\/wp\/v2\/comments?post=393"}],"version-history":[{"count":5,"href":"https:\/\/vskirchberg-wagram.ac.at\/index.php\/wp-json\/wp\/v2\/pages\/393\/revisions"}],"predecessor-version":[{"id":616,"href":"https:\/\/vskirchberg-wagram.ac.at\/index.php\/wp-json\/wp\/v2\/pages\/393\/revisions\/616"}],"wp:attachment":[{"href":"https:\/\/vskirchberg-wagram.ac.at\/index.php\/wp-json\/wp\/v2\/media?parent=393"}],"curies":[{"name":"wp","href":"https:\/\/api.w.org\/{rel}","templated":true}]}}