{"id":400,"date":"2025-11-17T19:59:08","date_gmt":"2025-11-17T18:59:08","guid":{"rendered":"https:\/\/vskirchberg-wagram.ac.at\/wordpress\/?page_id=400"},"modified":"2026-01-29T17:23:55","modified_gmt":"2026-01-29T16:23:55","slug":"klassen-2025-2026","status":"publish","type":"page","link":"https:\/\/vskirchberg-wagram.ac.at\/index.php\/klassen-2025-2026\/","title":{"rendered":"Klassen 2025\/2026"},"content":{"rendered":"\n<p><strong>1a<\/strong><\/p>\n\n\n\n<p>Klassenlehrerin: Dipl.- P\u00e4d. Ingeborg Hofmann<\/p>\n\n\n\n<figure class=\"wp-block-gallery has-nested-images columns-default is-cropped wp-block-gallery-1 is-layout-flex wp-block-gallery-is-layout-flex\">\n<figure class=\"wp-block-image size-large\"><img fetchpriority=\"high\" decoding=\"async\" width=\"1024\" height=\"726\" data-id=\"545\" src=\"https:\/\/vskirchberg-wagram.ac.at\/wordpress\/wp-content\/uploads\/2026\/01\/131125-0330-3-1024x726.jpg\" alt=\"\" class=\"wp-image-545\" srcset=\"https:\/\/vskirchberg-wagram.ac.at\/wp-content\/uploads\/2026\/01\/131125-0330-3-1024x726.jpg 1024w, https:\/\/vskirchberg-wagram.ac.at\/wp-content\/uploads\/2026\/01\/131125-0330-3-300x213.jpg 300w, https:\/\/vskirchberg-wagram.ac.at\/wp-content\/uploads\/2026\/01\/131125-0330-3-768x544.jpg 768w, https:\/\/vskirchberg-wagram.ac.at\/wp-content\/uploads\/2026\/01\/131125-0330-3-1536x1089.jpg 1536w, https:\/\/vskirchberg-wagram.ac.at\/wp-content\/uploads\/2026\/01\/131125-0330-3-2048x1451.jpg 2048w\" sizes=\"(max-width: 1024px) 100vw, 1024px\" \/><\/figure>\n<\/figure>\n\n\n\n<p><strong>1b<\/strong><\/p>\n\n\n\n<p>Klassenlehrerin: Prof. Sanja Gartner, MA BEd <\/p>\n\n\n\n<figure class=\"wp-block-gallery has-nested-images columns-default is-cropped wp-block-gallery-2 is-layout-flex wp-block-gallery-is-layout-flex\">\n<figure class=\"wp-block-image size-large\"><img decoding=\"async\" width=\"1024\" height=\"726\" data-id=\"548\" src=\"https:\/\/vskirchberg-wagram.ac.at\/wordpress\/wp-content\/uploads\/2026\/01\/131125-0359-1-1024x726.jpg\" alt=\"\" class=\"wp-image-548\" srcset=\"https:\/\/vskirchberg-wagram.ac.at\/wp-content\/uploads\/2026\/01\/131125-0359-1-1024x726.jpg 1024w, https:\/\/vskirchberg-wagram.ac.at\/wp-content\/uploads\/2026\/01\/131125-0359-1-300x213.jpg 300w, https:\/\/vskirchberg-wagram.ac.at\/wp-content\/uploads\/2026\/01\/131125-0359-1-768x544.jpg 768w, https:\/\/vskirchberg-wagram.ac.at\/wp-content\/uploads\/2026\/01\/131125-0359-1-1536x1089.jpg 1536w, https:\/\/vskirchberg-wagram.ac.at\/wp-content\/uploads\/2026\/01\/131125-0359-1-2048x1451.jpg 2048w\" sizes=\"(max-width: 1024px) 100vw, 1024px\" \/><\/figure>\n<\/figure>\n\n\n\n<p><strong>1c<\/strong><\/p>\n\n\n\n<p>Klassenlehrerin: Dipl.- P\u00e4d. Ulrike King<\/p>\n\n\n\n<figure class=\"wp-block-gallery has-nested-images columns-default is-cropped wp-block-gallery-3 is-layout-flex wp-block-gallery-is-layout-flex\">\n<figure class=\"wp-block-image size-large\"><img decoding=\"async\" width=\"1024\" height=\"726\" data-id=\"547\" src=\"https:\/\/vskirchberg-wagram.ac.at\/wordpress\/wp-content\/uploads\/2026\/01\/131125-0706-1-1024x726.jpg\" alt=\"\" class=\"wp-image-547\" srcset=\"https:\/\/vskirchberg-wagram.ac.at\/wp-content\/uploads\/2026\/01\/131125-0706-1-1024x726.jpg 1024w, https:\/\/vskirchberg-wagram.ac.at\/wp-content\/uploads\/2026\/01\/131125-0706-1-300x213.jpg 300w, https:\/\/vskirchberg-wagram.ac.at\/wp-content\/uploads\/2026\/01\/131125-0706-1-768x544.jpg 768w, https:\/\/vskirchberg-wagram.ac.at\/wp-content\/uploads\/2026\/01\/131125-0706-1-1536x1089.jpg 1536w, https:\/\/vskirchberg-wagram.ac.at\/wp-content\/uploads\/2026\/01\/131125-0706-1-2048x1451.jpg 2048w\" sizes=\"(max-width: 1024px) 100vw, 1024px\" \/><\/figure>\n<\/figure>\n\n\n\n<p><strong>2a<\/strong><\/p>\n\n\n\n<p>Klassenlehrerin: Dipl.-P\u00e4d. Ulrike Schiedlbauer<\/p>\n\n\n\n<figure class=\"wp-block-gallery has-nested-images columns-default is-cropped wp-block-gallery-4 is-layout-flex wp-block-gallery-is-layout-flex\">\n<figure class=\"wp-block-image size-large\"><img loading=\"lazy\" decoding=\"async\" width=\"1024\" height=\"726\" data-id=\"549\" src=\"https:\/\/vskirchberg-wagram.ac.at\/wordpress\/wp-content\/uploads\/2026\/01\/131125-0865-1-1024x726.jpg\" alt=\"\" class=\"wp-image-549\" srcset=\"https:\/\/vskirchberg-wagram.ac.at\/wp-content\/uploads\/2026\/01\/131125-0865-1-1024x726.jpg 1024w, https:\/\/vskirchberg-wagram.ac.at\/wp-content\/uploads\/2026\/01\/131125-0865-1-300x213.jpg 300w, https:\/\/vskirchberg-wagram.ac.at\/wp-content\/uploads\/2026\/01\/131125-0865-1-768x544.jpg 768w, https:\/\/vskirchberg-wagram.ac.at\/wp-content\/uploads\/2026\/01\/131125-0865-1-1536x1089.jpg 1536w, https:\/\/vskirchberg-wagram.ac.at\/wp-content\/uploads\/2026\/01\/131125-0865-1-2048x1451.jpg 2048w\" sizes=\"(max-width: 1024px) 100vw, 1024px\" \/><\/figure>\n<\/figure>\n\n\n\n<p><strong>2b<\/strong><\/p>\n\n\n\n<p>Klassenlehrerin: Dipl.- P\u00e4d. Alexandra Lukaseder<\/p>\n\n\n\n<figure class=\"wp-block-gallery has-nested-images columns-default is-cropped wp-block-gallery-5 is-layout-flex wp-block-gallery-is-layout-flex\">\n<figure class=\"wp-block-image size-large\"><img loading=\"lazy\" decoding=\"async\" width=\"1024\" height=\"726\" data-id=\"550\" src=\"https:\/\/vskirchberg-wagram.ac.at\/wordpress\/wp-content\/uploads\/2026\/01\/131125-1206-1-1024x726.jpg\" alt=\"\" class=\"wp-image-550\" srcset=\"https:\/\/vskirchberg-wagram.ac.at\/wp-content\/uploads\/2026\/01\/131125-1206-1-1024x726.jpg 1024w, https:\/\/vskirchberg-wagram.ac.at\/wp-content\/uploads\/2026\/01\/131125-1206-1-300x213.jpg 300w, https:\/\/vskirchberg-wagram.ac.at\/wp-content\/uploads\/2026\/01\/131125-1206-1-768x544.jpg 768w, https:\/\/vskirchberg-wagram.ac.at\/wp-content\/uploads\/2026\/01\/131125-1206-1-1536x1089.jpg 1536w, https:\/\/vskirchberg-wagram.ac.at\/wp-content\/uploads\/2026\/01\/131125-1206-1-2048x1451.jpg 2048w\" sizes=\"(max-width: 1024px) 100vw, 1024px\" \/><\/figure>\n<\/figure>\n\n\n\n<p><strong>2c<\/strong><\/p>\n\n\n\n<p>Klassenlehrerin: Prof. Denise Aumann, MA, BEd<\/p>\n\n\n\n<figure class=\"wp-block-gallery has-nested-images columns-default is-cropped wp-block-gallery-6 is-layout-flex wp-block-gallery-is-layout-flex\">\n<figure class=\"wp-block-image size-large\"><img loading=\"lazy\" decoding=\"async\" width=\"1024\" height=\"726\" data-id=\"606\" src=\"https:\/\/vskirchberg-wagram.ac.at\/wordpress\/wp-content\/uploads\/2026\/01\/2c-Homepage1-1024x726.jpg\" alt=\"\" class=\"wp-image-606\" srcset=\"https:\/\/vskirchberg-wagram.ac.at\/wp-content\/uploads\/2026\/01\/2c-Homepage1-1024x726.jpg 1024w, https:\/\/vskirchberg-wagram.ac.at\/wp-content\/uploads\/2026\/01\/2c-Homepage1-300x213.jpg 300w, https:\/\/vskirchberg-wagram.ac.at\/wp-content\/uploads\/2026\/01\/2c-Homepage1-768x544.jpg 768w, https:\/\/vskirchberg-wagram.ac.at\/wp-content\/uploads\/2026\/01\/2c-Homepage1-1536x1089.jpg 1536w, https:\/\/vskirchberg-wagram.ac.at\/wp-content\/uploads\/2026\/01\/2c-Homepage1-2048x1451.jpg 2048w\" sizes=\"(max-width: 1024px) 100vw, 1024px\" \/><\/figure>\n<\/figure>\n\n\n\n<p><strong>3a<\/strong><\/p>\n\n\n\n<p>Klassenlehrerin: Dipl.- P\u00e4d. Katharina Zechmann<\/p>\n\n\n\n<figure class=\"wp-block-gallery has-nested-images columns-default is-cropped wp-block-gallery-7 is-layout-flex wp-block-gallery-is-layout-flex\">\n<figure class=\"wp-block-image size-large\"><img loading=\"lazy\" decoding=\"async\" width=\"1024\" height=\"726\" data-id=\"552\" src=\"https:\/\/vskirchberg-wagram.ac.at\/wordpress\/wp-content\/uploads\/2026\/01\/131125-1186-1-1024x726.jpg\" alt=\"\" class=\"wp-image-552\" srcset=\"https:\/\/vskirchberg-wagram.ac.at\/wp-content\/uploads\/2026\/01\/131125-1186-1-1024x726.jpg 1024w, https:\/\/vskirchberg-wagram.ac.at\/wp-content\/uploads\/2026\/01\/131125-1186-1-300x213.jpg 300w, https:\/\/vskirchberg-wagram.ac.at\/wp-content\/uploads\/2026\/01\/131125-1186-1-768x544.jpg 768w, https:\/\/vskirchberg-wagram.ac.at\/wp-content\/uploads\/2026\/01\/131125-1186-1-1536x1089.jpg 1536w, https:\/\/vskirchberg-wagram.ac.at\/wp-content\/uploads\/2026\/01\/131125-1186-1-2048x1451.jpg 2048w\" sizes=\"(max-width: 1024px) 100vw, 1024px\" \/><\/figure>\n<\/figure>\n\n\n\n<p><strong>3b<\/strong><\/p>\n\n\n\n<p>Klassenlehrerin: Prof. Teresa Riss, BEd&nbsp;<\/p>\n\n\n\n<figure class=\"wp-block-gallery has-nested-images columns-default is-cropped wp-block-gallery-8 is-layout-flex wp-block-gallery-is-layout-flex\">\n<figure class=\"wp-block-image size-large\"><img loading=\"lazy\" decoding=\"async\" width=\"1024\" height=\"726\" data-id=\"553\" src=\"https:\/\/vskirchberg-wagram.ac.at\/wordpress\/wp-content\/uploads\/2026\/01\/131125-1584-1-1024x726.jpg\" alt=\"\" class=\"wp-image-553\" srcset=\"https:\/\/vskirchberg-wagram.ac.at\/wp-content\/uploads\/2026\/01\/131125-1584-1-1024x726.jpg 1024w, https:\/\/vskirchberg-wagram.ac.at\/wp-content\/uploads\/2026\/01\/131125-1584-1-300x213.jpg 300w, https:\/\/vskirchberg-wagram.ac.at\/wp-content\/uploads\/2026\/01\/131125-1584-1-768x544.jpg 768w, https:\/\/vskirchberg-wagram.ac.at\/wp-content\/uploads\/2026\/01\/131125-1584-1-1536x1089.jpg 1536w, https:\/\/vskirchberg-wagram.ac.at\/wp-content\/uploads\/2026\/01\/131125-1584-1-2048x1451.jpg 2048w\" sizes=\"(max-width: 1024px) 100vw, 1024px\" \/><\/figure>\n<\/figure>\n\n\n\n<p><strong>4a<\/strong><\/p>\n\n\n\n<p>Klassenlehrerin: Dipl.P\u00e4d. Helga Walzer, BEd<\/p>\n\n\n\n<figure class=\"wp-block-gallery has-nested-images columns-default is-cropped wp-block-gallery-9 is-layout-flex wp-block-gallery-is-layout-flex\">\n<figure class=\"wp-block-image size-large\"><img loading=\"lazy\" decoding=\"async\" width=\"1024\" height=\"726\" data-id=\"554\" src=\"https:\/\/vskirchberg-wagram.ac.at\/wordpress\/wp-content\/uploads\/2026\/01\/131125-1844-1-1024x726.jpg\" alt=\"\" class=\"wp-image-554\" srcset=\"https:\/\/vskirchberg-wagram.ac.at\/wp-content\/uploads\/2026\/01\/131125-1844-1-1024x726.jpg 1024w, https:\/\/vskirchberg-wagram.ac.at\/wp-content\/uploads\/2026\/01\/131125-1844-1-300x213.jpg 300w, https:\/\/vskirchberg-wagram.ac.at\/wp-content\/uploads\/2026\/01\/131125-1844-1-768x544.jpg 768w, https:\/\/vskirchberg-wagram.ac.at\/wp-content\/uploads\/2026\/01\/131125-1844-1-1536x1089.jpg 1536w, https:\/\/vskirchberg-wagram.ac.at\/wp-content\/uploads\/2026\/01\/131125-1844-1-2048x1451.jpg 2048w\" sizes=\"(max-width: 1024px) 100vw, 1024px\" \/><\/figure>\n<\/figure>\n\n\n\n<p><strong>4b<\/strong><\/p>\n\n\n\n<p>Klassenlehrerin: Dipl.-P\u00e4d. Martha Garzon<\/p>\n\n\n\n<figure class=\"wp-block-gallery has-nested-images columns-default is-cropped wp-block-gallery-10 is-layout-flex wp-block-gallery-is-layout-flex\">\n<figure class=\"wp-block-image size-large\"><img loading=\"lazy\" decoding=\"async\" width=\"1024\" height=\"726\" data-id=\"555\" src=\"https:\/\/vskirchberg-wagram.ac.at\/wordpress\/wp-content\/uploads\/2026\/01\/131125-1455-1-1024x726.jpg\" alt=\"\" class=\"wp-image-555\" srcset=\"https:\/\/vskirchberg-wagram.ac.at\/wp-content\/uploads\/2026\/01\/131125-1455-1-1024x726.jpg 1024w, https:\/\/vskirchberg-wagram.ac.at\/wp-content\/uploads\/2026\/01\/131125-1455-1-300x213.jpg 300w, https:\/\/vskirchberg-wagram.ac.at\/wp-content\/uploads\/2026\/01\/131125-1455-1-768x544.jpg 768w, https:\/\/vskirchberg-wagram.ac.at\/wp-content\/uploads\/2026\/01\/131125-1455-1-1536x1089.jpg 1536w, https:\/\/vskirchberg-wagram.ac.at\/wp-content\/uploads\/2026\/01\/131125-1455-1-2048x1451.jpg 2048w\" sizes=\"(max-width: 1024px) 100vw, 1024px\" \/><\/figure>\n<\/figure>\n\n\n\n<p><strong>4c<\/strong><\/p>\n\n\n\n<p>Klassenlehrerin: Prof. Carina Waldhauser, BEd<\/p>\n\n\n\n<figure class=\"wp-block-gallery has-nested-images columns-default is-cropped wp-block-gallery-11 is-layout-flex wp-block-gallery-is-layout-flex\">\n<figure class=\"wp-block-image size-large\"><img loading=\"lazy\" decoding=\"async\" width=\"1024\" height=\"726\" data-id=\"556\" src=\"https:\/\/vskirchberg-wagram.ac.at\/wordpress\/wp-content\/uploads\/2026\/01\/131125-1707-1-1024x726.jpg\" alt=\"\" class=\"wp-image-556\" srcset=\"https:\/\/vskirchberg-wagram.ac.at\/wp-content\/uploads\/2026\/01\/131125-1707-1-1024x726.jpg 1024w, https:\/\/vskirchberg-wagram.ac.at\/wp-content\/uploads\/2026\/01\/131125-1707-1-300x213.jpg 300w, https:\/\/vskirchberg-wagram.ac.at\/wp-content\/uploads\/2026\/01\/131125-1707-1-768x544.jpg 768w, https:\/\/vskirchberg-wagram.ac.at\/wp-content\/uploads\/2026\/01\/131125-1707-1-1536x1089.jpg 1536w, https:\/\/vskirchberg-wagram.ac.at\/wp-content\/uploads\/2026\/01\/131125-1707-1-2048x1451.jpg 2048w\" sizes=\"(max-width: 1024px) 100vw, 1024px\" \/><\/figure>\n<\/figure>\n\n\n\n<p><strong>1S (Sonderp\u00e4dagogische Kleingruppe)<\/strong><\/p>\n\n\n\n<p>Klassenlehrerin: Dipl.-P\u00e4d. Christina Lang<\/p>\n\n\n\n<figure class=\"wp-block-gallery has-nested-images columns-default is-cropped wp-block-gallery-12 is-layout-flex wp-block-gallery-is-layout-flex\">\n<figure class=\"wp-block-image size-large\"><img loading=\"lazy\" decoding=\"async\" width=\"1024\" height=\"726\" data-id=\"557\" src=\"https:\/\/vskirchberg-wagram.ac.at\/wordpress\/wp-content\/uploads\/2026\/01\/131125-0571-1-1024x726.jpg\" alt=\"\" class=\"wp-image-557\" srcset=\"https:\/\/vskirchberg-wagram.ac.at\/wp-content\/uploads\/2026\/01\/131125-0571-1-1024x726.jpg 1024w, https:\/\/vskirchberg-wagram.ac.at\/wp-content\/uploads\/2026\/01\/131125-0571-1-300x213.jpg 300w, https:\/\/vskirchberg-wagram.ac.at\/wp-content\/uploads\/2026\/01\/131125-0571-1-768x544.jpg 768w, https:\/\/vskirchberg-wagram.ac.at\/wp-content\/uploads\/2026\/01\/131125-0571-1-1536x1089.jpg 1536w, https:\/\/vskirchberg-wagram.ac.at\/wp-content\/uploads\/2026\/01\/131125-0571-1-2048x1451.jpg 2048w\" sizes=\"(max-width: 1024px) 100vw, 1024px\" \/><\/figure>\n<\/figure>\n\n\n\n<p><strong>2S (Sonderp\u00e4dagogische Kleingruppe)<\/strong><\/p>\n\n\n\n<p>Klassenlehrerin: SOL Sabine Delapina-Kainz<\/p>\n\n\n\n<figure class=\"wp-block-gallery has-nested-images columns-default is-cropped wp-block-gallery-13 is-layout-flex wp-block-gallery-is-layout-flex\">\n<figure class=\"wp-block-image size-large\"><img loading=\"lazy\" decoding=\"async\" width=\"1024\" height=\"726\" data-id=\"558\" src=\"https:\/\/vskirchberg-wagram.ac.at\/wordpress\/wp-content\/uploads\/2026\/01\/131125-1075-1-1024x726.jpg\" alt=\"\" class=\"wp-image-558\" srcset=\"https:\/\/vskirchberg-wagram.ac.at\/wp-content\/uploads\/2026\/01\/131125-1075-1-1024x726.jpg 1024w, https:\/\/vskirchberg-wagram.ac.at\/wp-content\/uploads\/2026\/01\/131125-1075-1-300x213.jpg 300w, https:\/\/vskirchberg-wagram.ac.at\/wp-content\/uploads\/2026\/01\/131125-1075-1-768x544.jpg 768w, https:\/\/vskirchberg-wagram.ac.at\/wp-content\/uploads\/2026\/01\/131125-1075-1-1536x1089.jpg 1536w, https:\/\/vskirchberg-wagram.ac.at\/wp-content\/uploads\/2026\/01\/131125-1075-1-2048x1451.jpg 2048w\" sizes=\"(max-width: 1024px) 100vw, 1024px\" \/><\/figure>\n<\/figure>\n\n\n\n<p><strong>3S (Sonderp\u00e4dagogische Kleingruppe)<\/strong><\/p>\n\n\n\n<p>Klassenlehrerin: Dipl.-P\u00e4d. Brigitte R\u00f6\u00dfler<\/p>\n\n\n\n<figure class=\"wp-block-gallery has-nested-images columns-default is-cropped wp-block-gallery-14 is-layout-flex wp-block-gallery-is-layout-flex\">\n<figure class=\"wp-block-image size-large\"><img loading=\"lazy\" decoding=\"async\" width=\"1024\" height=\"726\" data-id=\"559\" src=\"https:\/\/vskirchberg-wagram.ac.at\/wordpress\/wp-content\/uploads\/2026\/01\/131125-0506-1-1024x726.jpg\" alt=\"\" class=\"wp-image-559\" srcset=\"https:\/\/vskirchberg-wagram.ac.at\/wp-content\/uploads\/2026\/01\/131125-0506-1-1024x726.jpg 1024w, https:\/\/vskirchberg-wagram.ac.at\/wp-content\/uploads\/2026\/01\/131125-0506-1-300x213.jpg 300w, https:\/\/vskirchberg-wagram.ac.at\/wp-content\/uploads\/2026\/01\/131125-0506-1-768x544.jpg 768w, https:\/\/vskirchberg-wagram.ac.at\/wp-content\/uploads\/2026\/01\/131125-0506-1-1536x1089.jpg 1536w, https:\/\/vskirchberg-wagram.ac.at\/wp-content\/uploads\/2026\/01\/131125-0506-1-2048x1451.jpg 2048w\" sizes=\"(max-width: 1024px) 100vw, 1024px\" \/><\/figure>\n<\/figure>\n\n\n\n<p><strong>4S (Sonderp\u00e4dagogische Kleingruppe)<\/strong><\/p>\n\n\n\n<p>Klassenlehrerin: Dipl.-P\u00e4d. Kerstin <\/p>\n\n\n\n<figure class=\"wp-block-gallery has-nested-images columns-default is-cropped wp-block-gallery-15 is-layout-flex wp-block-gallery-is-layout-flex\">\n<figure class=\"wp-block-image size-large\"><img loading=\"lazy\" decoding=\"async\" width=\"1024\" height=\"726\" data-id=\"560\" src=\"https:\/\/vskirchberg-wagram.ac.at\/wordpress\/wp-content\/uploads\/2026\/01\/131125-0694-1-1024x726.jpg\" alt=\"\" class=\"wp-image-560\" srcset=\"https:\/\/vskirchberg-wagram.ac.at\/wp-content\/uploads\/2026\/01\/131125-0694-1-1024x726.jpg 1024w, https:\/\/vskirchberg-wagram.ac.at\/wp-content\/uploads\/2026\/01\/131125-0694-1-300x213.jpg 300w, https:\/\/vskirchberg-wagram.ac.at\/wp-content\/uploads\/2026\/01\/131125-0694-1-768x544.jpg 768w, https:\/\/vskirchberg-wagram.ac.at\/wp-content\/uploads\/2026\/01\/131125-0694-1-1536x1089.jpg 1536w, https:\/\/vskirchberg-wagram.ac.at\/wp-content\/uploads\/2026\/01\/131125-0694-1-2048x1451.jpg 2048w\" sizes=\"(max-width: 1024px) 100vw, 1024px\" \/><\/figure>\n<\/figure>\n","protected":false},"excerpt":{"rendered":"<p>1a Klassenlehrerin: Dipl.- P\u00e4d. Ingeborg Hofmann 1b Klassenlehrerin: Prof. Sanja Gartner, MA BEd 1c Klassenlehrerin: Dipl.- P\u00e4d. Ulrike King 2a &hellip; <\/p>\n","protected":false},"author":1,"featured_media":0,"parent":0,"menu_order":0,"comment_status":"closed","ping_status":"closed","template":"","meta":{"footnotes":""},"class_list":["post-400","page","type-page","status-publish","hentry"],"_links":{"self":[{"href":"https:\/\/vskirchberg-wagram.ac.at\/index.php\/wp-json\/wp\/v2\/pages\/400","targetHints":{"allow":["GET"]}}],"collection":[{"href":"https:\/\/vskirchberg-wagram.ac.at\/index.php\/wp-json\/wp\/v2\/pages"}],"about":[{"href":"https:\/\/vskirchberg-wagram.ac.at\/index.php\/wp-json\/wp\/v2\/types\/page"}],"author":[{"embeddable":true,"href":"https:\/\/vskirchberg-wagram.ac.at\/index.php\/wp-json\/wp\/v2\/users\/1"}],"replies":[{"embeddable":true,"href":"https:\/\/vskirchberg-wagram.ac.at\/index.php\/wp-json\/wp\/v2\/comments?post=400"}],"version-history":[{"count":4,"href":"https:\/\/vskirchberg-wagram.ac.at\/index.php\/wp-json\/wp\/v2\/pages\/400\/revisions"}],"predecessor-version":[{"id":607,"href":"https:\/\/vskirchberg-wagram.ac.at\/index.php\/wp-json\/wp\/v2\/pages\/400\/revisions\/607"}],"wp:attachment":[{"href":"https:\/\/vskirchberg-wagram.ac.at\/index.php\/wp-json\/wp\/v2\/media?parent=400"}],"curies":[{"name":"wp","href":"https:\/\/api.w.org\/{rel}","templated":true}]}}