{"id":428,"date":"2025-11-17T20:22:58","date_gmt":"2025-11-17T19:22:58","guid":{"rendered":"https:\/\/vskirchberg-wagram.ac.at\/wordpress\/?page_id=428"},"modified":"2026-02-15T14:23:08","modified_gmt":"2026-02-15T13:23:08","slug":"elternverein","status":"publish","type":"page","link":"https:\/\/vskirchberg-wagram.ac.at\/index.php\/elternverein\/","title":{"rendered":"Elternverein"},"content":{"rendered":"\n<h2 class=\"wp-block-heading\">Grunds\u00e4tzliche Infos<\/h2>\n\n\n\n<h3 class=\"wp-block-heading\">Wer?<\/h3>\n\n\n\n<p>Alle Eltern von Sch\u00fclerinnen und Sch\u00fclern sind Mitglieder( freiwillig). Durch die Zahlung des Mitgliedsbeitrages (\u20ac 10)&nbsp;entsteht ein zus\u00e4tzliches Budget, welches f\u00fcr die Unterst\u00fctzung der Kinder eingesetzt wird. Je mehr Eltern Mitglieder sind, um so gr\u00f6\u00dfer ist auch das vorhandene Budget. Ob bei Schulveranstaltungen, Ausfl\u00fcgen oder f\u00fcr Computerankauf. Vieles w\u00e4re ohne diese Zusatzmittel nicht m\u00f6glich.<\/p>\n\n\n\n<h3 class=\"wp-block-heading\">Wo?<\/h3>\n\n\n\n<p>Elternvereine k\u00f6nnen an allen Schulen gegr\u00fcndet werden.<\/p>\n\n\n\n<h3 class=\"wp-block-heading\">Was?<\/h3>\n\n\n\n<p>Der Elternverein ist die \u00e4lteste Form der Mitbestimmung von Eltern an der Schule. Er dient zur Diskussion \u00fcber schulische Fragen und Probleme. Die Elternvereine haben ein Recht auf Anh\u00f6rung. Sie k\u00f6nnen sowohl den Klassenlehrern, als auch der Schulleitung Vorschl\u00e4ge, W\u00fcnsche und Beschwerden vortragen. Auch f\u00fcr die Wahl von Klassenelternvertretern kann der Elternverein Vorschl\u00e4ge einbringen. Er ist auch im Schulausschuss vertreten. Der Elternverein ist autonom, d.h. die Eltern sind im Elternverein unter sich und agieren ohne Einfluss der Direktion und der Lehrer.<\/p>\n\n\n\n<h3 class=\"wp-block-heading\">Wann?<\/h3>\n\n\n\n<p>Der Vorstand des Elternvereines (Obmann\/frau, Schriftf\u00fchrer, Kassier und Rechnungspr\u00fcfer) wird einmal im Jahr im Rahmen der Jahreshauptversammlung des Elternvereines gew\u00e4hlt.<\/p>\n\n\n\n<p>(Text: Bernhard Sammer)<\/p>\n\n\n\n<p><strong>Elternverein 2025\/2026&nbsp;<\/strong><\/p>\n\n\n\n<p><strong>Obmann:&nbsp;<\/strong>Bernhard Sammer<\/p>\n\n\n\n<p><br><strong>Obmann- Stv.:<\/strong>&nbsp;Birgit Wieser und Isabella Eisenschenk&nbsp;<\/p>\n\n\n\n<p><br><strong>Schriftf\u00fchrer:&nbsp;<\/strong>Karl Bointner&nbsp;<\/p>\n\n\n\n<p><br><strong>Schriftf\u00fchrer- Stv.:<\/strong>&nbsp;Elisabeth Zehetner-Riedl&nbsp;<\/p>\n\n\n\n<p><br><strong>Kassier:<\/strong>&nbsp;Matthias Walzer<\/p>\n\n\n\n<p><br><strong>Kassier- Stv.:<\/strong>&nbsp;Roman Brandst\u00f6tter&nbsp;<\/p>\n\n\n\n<p><\/p>\n\n\n\n<p><\/p>\n\n\n\n<p><strong>N\u00fctzliche Links: <\/strong><br>\u00d6sterreichischer Verband der Elternvereine an Pflichtschulen:&nbsp;<\/p>\n\n\n\n<p><a href=\"https:\/\/www.elternverein.at\/\">&#8211; Dachverband der Elternverb\u00e4nde<\/a> <\/p>\n\n\n\n<p>Nieder\u00f6sterreichischer Landesverband der Elternvereine:<\/p>\n\n\n\n<p><a href=\"https:\/\/levnoe.at\/\">Startseite-bis-2025-11-04 \u2013 LEVN\u00d6<\/a><\/p>\n\n\n\n<p>Bildungsdirektion f\u00fcr Nieder\u00f6sterreich <\/p>\n\n\n\n<p><a href=\"https:\/\/www.bildung-noe.gv.at\/\">Bildungsdirektion Nieder\u00f6sterreich , Bildungsdirektion Nieder\u00f6sterreich<\/a><\/p>\n\n\n\n<p>Bundesministerium f\u00fcr Bildung, Wissenschaft und Forschung: <\/p>\n\n\n\n<p><a href=\"https:\/\/www.bmb.gv.at\/\">Bundesministerium f\u00fcr Bildung<\/a> <\/p>\n\n\n\n<p>Elternbildung:<\/p>\n\n\n\n<p><a href=\"https:\/\/noe.gv.at\/noe\/Familien\/Elternbildung.html\">Elternbildung &#8211; Land Nieder\u00f6sterreich<\/a> <\/p>\n\n\n\n<p><\/p>\n\n\n\n<p><br><br><br><a href=\"http:\/\/www.elternverein.at\/\" target=\"_blank\" rel=\"noreferrer noopener\"><br><\/a><a href=\"http:\/\/www.elternverein.at\/\" target=\"_blank\" rel=\"noreferrer noopener\"><br><\/a><a href=\"http:\/\/ev.lsr-noe.gv.at\/evnoe\/elternschule\" target=\"_blank\" rel=\"noreferrer noopener\"><br><br><\/a><a href=\"http:\/\/ev.lsr-noe.gv.at\/\" target=\"_blank\" rel=\"noreferrer noopener\"><br><br><\/a><\/p>\n","protected":false},"excerpt":{"rendered":"<p>Grunds\u00e4tzliche Infos Wer? Alle Eltern von Sch\u00fclerinnen und Sch\u00fclern sind Mitglieder( freiwillig). Durch die Zahlung des Mitgliedsbeitrages (\u20ac 10)&nbsp;entsteht ein &hellip; <\/p>\n","protected":false},"author":1,"featured_media":0,"parent":0,"menu_order":0,"comment_status":"closed","ping_status":"closed","template":"","meta":{"footnotes":""},"class_list":["post-428","page","type-page","status-publish","hentry"],"_links":{"self":[{"href":"https:\/\/vskirchberg-wagram.ac.at\/index.php\/wp-json\/wp\/v2\/pages\/428","targetHints":{"allow":["GET"]}}],"collection":[{"href":"https:\/\/vskirchberg-wagram.ac.at\/index.php\/wp-json\/wp\/v2\/pages"}],"about":[{"href":"https:\/\/vskirchberg-wagram.ac.at\/index.php\/wp-json\/wp\/v2\/types\/page"}],"author":[{"embeddable":true,"href":"https:\/\/vskirchberg-wagram.ac.at\/index.php\/wp-json\/wp\/v2\/users\/1"}],"replies":[{"embeddable":true,"href":"https:\/\/vskirchberg-wagram.ac.at\/index.php\/wp-json\/wp\/v2\/comments?post=428"}],"version-history":[{"count":5,"href":"https:\/\/vskirchberg-wagram.ac.at\/index.php\/wp-json\/wp\/v2\/pages\/428\/revisions"}],"predecessor-version":[{"id":647,"href":"https:\/\/vskirchberg-wagram.ac.at\/index.php\/wp-json\/wp\/v2\/pages\/428\/revisions\/647"}],"wp:attachment":[{"href":"https:\/\/vskirchberg-wagram.ac.at\/index.php\/wp-json\/wp\/v2\/media?parent=428"}],"curies":[{"name":"wp","href":"https:\/\/api.w.org\/{rel}","templated":true}]}}